{"id":13,"date":"2011-10-08T21:35:06","date_gmt":"2011-10-08T21:35:06","guid":{"rendered":"http:\/\/localhost\/?page_id=13"},"modified":"2024-08-29T05:23:59","modified_gmt":"2024-08-29T05:23:59","slug":"steinbruche","status":"publish","type":"page","link":"https:\/\/marmormuseum.adnet.at\/?page_id=13","title":{"rendered":"Marmorweg"},"content":{"rendered":"<p style=\"text-align: justify;\">Der Marmorweg f\u00fchrt interessierte Besucher durch die Adneter Br\u00fcche. Die Wanderung entlang des Weges nimmt ca. zwei Stunden in Anspruch und ist auch f\u00fcr unge\u00fcbte Wanderer bestens geeignet. Anhand von Schautafeln werden die Besonderheiten des edlen Gesteins und dessen Gewinnung erkl\u00e4rt.<\/p>\n<p>F\u00fchrungen entlang des Weges sind nach Anmeldung m\u00f6glich:<\/p>\n<ul>\n<li>Telefonisch: Hubert Freidl: (+43) 664 911 94 12<\/li>\n<li>Telefonisch: Josef Ziller:  (+43) 650 575 75 78<\/li>\n<li>oder \u00fcber <a href=\".\/?page_id=9\">das Kontaktformular<\/a>.<\/li>\n<\/ul>\n<p><strong>Preise:<\/strong><\/p>\n<ul>\n<li>F\u00fchrung bis 20 Personen Preis pro Gruppe \u20ac 40,-<\/li>\n<li>Ab 20 Personen wird die Gruppe geteilt.<\/li>\n<li>f\u00fcr G\u00e4ste, die in einer Adneter Unterkunft \u00fcbernachten, ist die F\u00fchrung kostenlos!<\/li>\n<\/ul>\n<div align=\"center\"><iframe loading=\"lazy\" src=\"https:\/\/www.google.com\/maps\/d\/embed?mid=1uScFIDNsxpy-AgiTR-ceidCHFBI&amp;hl=de\" marginwidth=\"0\" marginheight=\"0\" scrolling=\"no\" width=\"100%\" height=\"500\" frameborder=\"0\"><\/iframe><br \/>\n<small>Den <a style=\"color: #0000ff; text-align: left;\" href=\"https:\/\/www.google.com\/maps\/d\/embed?mid=1uScFIDNsxpy-AgiTR-ceidCHFBI&amp;hl=de\" target=\"_blank\" rel=\"noopener noreferrer\">Marmorweg<\/a> auf einer gr\u00f6\u00dferen Karte anzeigen<\/small><\/p>\n<p style=\"text-align: left;\">Hier ein paar Fotos vom Marmorweg:<\/p>\n<p style=\"text-align: center;\">ngg_shortcode_0_placeholder<\/p>\n<\/div>\n","protected":false},"excerpt":{"rendered":"<p>Der Marmorweg f\u00fchrt interessierte Besucher durch die Adneter Br\u00fcche. Die Wanderung entlang des Weges nimmt ca. zwei Stunden in Anspruch und ist auch f\u00fcr unge\u00fcbte Wanderer bestens geeignet. Anhand von Schautafeln werden die Besonderheiten des edlen Gesteins und dessen Gewinnung erkl\u00e4rt. F\u00fchrungen entlang des Weges sind nach Anmeldung m\u00f6glich: Telefonisch: Hubert Freidl: (+43) 664 911 [&hellip;]<\/p>\n","protected":false},"author":2,"featured_media":0,"parent":0,"menu_order":8,"comment_status":"open","ping_status":"closed","template":"","meta":{"ngg_post_thumbnail":0,"footnotes":""},"class_list":["post-13","page","type-page","status-publish","hentry"],"_links":{"self":[{"href":"https:\/\/marmormuseum.adnet.at\/index.php?rest_route=\/wp\/v2\/pages\/13","targetHints":{"allow":["GET"]}}],"collection":[{"href":"https:\/\/marmormuseum.adnet.at\/index.php?rest_route=\/wp\/v2\/pages"}],"about":[{"href":"https:\/\/marmormuseum.adnet.at\/index.php?rest_route=\/wp\/v2\/types\/page"}],"author":[{"embeddable":true,"href":"https:\/\/marmormuseum.adnet.at\/index.php?rest_route=\/wp\/v2\/users\/2"}],"replies":[{"embeddable":true,"href":"https:\/\/marmormuseum.adnet.at\/index.php?rest_route=%2Fwp%2Fv2%2Fcomments&post=13"}],"version-history":[{"count":84,"href":"https:\/\/marmormuseum.adnet.at\/index.php?rest_route=\/wp\/v2\/pages\/13\/revisions"}],"predecessor-version":[{"id":1078,"href":"https:\/\/marmormuseum.adnet.at\/index.php?rest_route=\/wp\/v2\/pages\/13\/revisions\/1078"}],"wp:attachment":[{"href":"https:\/\/marmormuseum.adnet.at\/index.php?rest_route=%2Fwp%2Fv2%2Fmedia&parent=13"}],"curies":[{"name":"wp","href":"https:\/\/api.w.org\/{rel}","templated":true}]}}