{"id":2,"date":"2011-10-08T21:13:04","date_gmt":"2011-10-08T21:13:04","guid":{"rendered":"http:\/\/localhost\/?page_id=2"},"modified":"2024-08-29T05:22:02","modified_gmt":"2024-08-29T05:22:02","slug":"beispiel-seite","status":"publish","type":"page","link":"https:\/\/marmormuseum.adnet.at\/","title":{"rendered":"Willkommen"},"content":{"rendered":"<p style=\"text-align: justify;\">Adnet ist f\u00fcr seinen r\u00f6tlichen Marmor weltber\u00fchmt. Ihm zu Ehren wurde im Jahr 1992 das Marmormuseum Adnet gegr\u00fcndet, welches \u00fcber die Entstehung, den Abbau und die Verwendung des edlen Steins informiert.<\/p>\n<div><a href=\"https:\/\/marmormuseum.adnet.at\/wp-content\/uploads\/2024\/08\/Marmormuseum_5.png\"><img loading=\"lazy\" decoding=\"async\" class=\"aligncenter size-full wp-image-1075\" src=\"https:\/\/marmormuseum.adnet.at\/wp-content\/uploads\/2024\/08\/Marmormuseum_5.png\" alt=\"\" width=\"1204\" height=\"903\" srcset=\"https:\/\/marmormuseum.adnet.at\/wp-content\/uploads\/2024\/08\/Marmormuseum_5.png 1204w, https:\/\/marmormuseum.adnet.at\/wp-content\/uploads\/2024\/08\/Marmormuseum_5-300x225.png 300w, https:\/\/marmormuseum.adnet.at\/wp-content\/uploads\/2024\/08\/Marmormuseum_5-1024x768.png 1024w, https:\/\/marmormuseum.adnet.at\/wp-content\/uploads\/2024\/08\/Marmormuseum_5-768x576.png 768w\" sizes=\"auto, (max-width: 1204px) 100vw, 1204px\" \/><\/a><\/div>\n<p><a href=\"https:\/\/marmormuseum.adnet.at\/wp-content\/uploads\/2011\/10\/logo1.jpg\" target=\"_blank\" rel=\"noopener\"><img loading=\"lazy\" decoding=\"async\" class=\"aligncenter size-large wp-image-209\" title=\"logo\" src=\"https:\/\/marmormuseum.adnet.at\/wp-content\/uploads\/2011\/10\/logo1.jpg\" alt=\"\" width=\"603\" height=\"123\"><\/a><\/p>\n","protected":false},"excerpt":{"rendered":"<p>Adnet ist f\u00fcr seinen r\u00f6tlichen Marmor weltber\u00fchmt. Ihm zu Ehren wurde im Jahr 1992 das Marmormuseum Adnet gegr\u00fcndet, welches \u00fcber die Entstehung, den Abbau und die Verwendung des edlen Steins informiert.<\/p>\n","protected":false},"author":2,"featured_media":0,"parent":0,"menu_order":1,"comment_status":"open","ping_status":"open","template":"","meta":{"ngg_post_thumbnail":0,"footnotes":""},"class_list":["post-2","page","type-page","status-publish","hentry"],"_links":{"self":[{"href":"https:\/\/marmormuseum.adnet.at\/index.php?rest_route=\/wp\/v2\/pages\/2","targetHints":{"allow":["GET"]}}],"collection":[{"href":"https:\/\/marmormuseum.adnet.at\/index.php?rest_route=\/wp\/v2\/pages"}],"about":[{"href":"https:\/\/marmormuseum.adnet.at\/index.php?rest_route=\/wp\/v2\/types\/page"}],"author":[{"embeddable":true,"href":"https:\/\/marmormuseum.adnet.at\/index.php?rest_route=\/wp\/v2\/users\/2"}],"replies":[{"embeddable":true,"href":"https:\/\/marmormuseum.adnet.at\/index.php?rest_route=%2Fwp%2Fv2%2Fcomments&post=2"}],"version-history":[{"count":146,"href":"https:\/\/marmormuseum.adnet.at\/index.php?rest_route=\/wp\/v2\/pages\/2\/revisions"}],"predecessor-version":[{"id":1077,"href":"https:\/\/marmormuseum.adnet.at\/index.php?rest_route=\/wp\/v2\/pages\/2\/revisions\/1077"}],"wp:attachment":[{"href":"https:\/\/marmormuseum.adnet.at\/index.php?rest_route=%2Fwp%2Fv2%2Fmedia&parent=2"}],"curies":[{"name":"wp","href":"https:\/\/api.w.org\/{rel}","templated":true}]}}