{"id":462,"date":"2012-03-03T15:26:33","date_gmt":"2012-03-03T15:26:33","guid":{"rendered":"http:\/\/marmormuseum.adnet.at\/?page_id=462"},"modified":"2024-05-13T13:56:53","modified_gmt":"2024-05-13T13:56:53","slug":"shop","status":"publish","type":"page","link":"https:\/\/marmormuseum.adnet.at\/?page_id=462","title":{"rendered":"Shop"},"content":{"rendered":"<p>Kretschmer, Franz: <strong><span class=\"moz-txt-tag\">*<\/span>Heimatbuch Adnet****- der Marmor<span class=\"moz-txt-tag\">*<\/span><\/strong>. Adnet 1986. Verlag Gemeinde Adnet \/ Salzburg<\/p>\n<p><a href=\"https:\/\/marmormuseum.adnet.at\/wp-content\/uploads\/2012\/03\/Kretschmer-marmor.jpg\"><img loading=\"lazy\" decoding=\"async\" class=\"aligncenter wp-image-640 size-medium\" title=\"MARMOR\" src=\"https:\/\/marmormuseum.adnet.at\/wp-content\/uploads\/2012\/03\/Kretschmer-marmor-223x300.jpg\" width=\"223\" height=\"300\" srcset=\"https:\/\/marmormuseum.adnet.at\/wp-content\/uploads\/2012\/03\/Kretschmer-marmor-223x300.jpg 223w, https:\/\/marmormuseum.adnet.at\/wp-content\/uploads\/2012\/03\/Kretschmer-marmor-768x1034.jpg 768w, https:\/\/marmormuseum.adnet.at\/wp-content\/uploads\/2012\/03\/Kretschmer-marmor-760x1024.jpg 760w\" sizes=\"auto, (max-width: 223px) 100vw, 223px\" \/><\/a><\/p>\n<p style=\"text-align: justify;\">Marmor aus Adnet &#8211; der 384 Seiten starke, reich illustrierte erste Band des geplanten &#8222;Adneter Heimatbuches&#8220; stellt die bald zweitausendj\u00e4hrige Verwendungsgeschichte dieses in aller Welt ger\u00fchmten, prachtvollen Dekorationsgesteines dar. Schon die R\u00f6mer haben in den ersten Jahrhunderten unserer Zeitrechnung mit dem Abbau des Adneter Marmors begonnen, aber erst um die Wende zum zweiten Jahrtausend wurde seine Gewinnung wieder neu aufgenommen. Seitdem konnte dieser Stein in steigendem Ma\u00dfe bis zum heutigen Tag bei unz\u00e4hligen sakralen und weltlichen Bauwerken sowie vor allem auch bei bedeutenden Kunstdenkm\u00e4lern eingesetzt werden.<\/p>\n<hr>\n<p>Uhlir, Christian F.: *Adneter Marmor**- Entstehung, Material, Abbau, Geschichte und seine Bedeutung als Kulturerbe*. Norderstedt 2011. Verlag Books on Demand GmbH<\/p>\n<p><a href=\"https:\/\/marmormuseum.adnet.at\/wp-content\/uploads\/2012\/03\/Uhlir-Adneter-Marmor.jpg\"><img loading=\"lazy\" decoding=\"async\" class=\"aligncenter wp-image-641 size-medium\" src=\"https:\/\/marmormuseum.adnet.at\/wp-content\/uploads\/2012\/03\/Uhlir-Adneter-Marmor-236x300.jpg\" alt=\"Uhlir - Adneter Marmor\" width=\"236\" height=\"300\" srcset=\"https:\/\/marmormuseum.adnet.at\/wp-content\/uploads\/2012\/03\/Uhlir-Adneter-Marmor-236x300.jpg 236w, https:\/\/marmormuseum.adnet.at\/wp-content\/uploads\/2012\/03\/Uhlir-Adneter-Marmor-768x978.jpg 768w, https:\/\/marmormuseum.adnet.at\/wp-content\/uploads\/2012\/03\/Uhlir-Adneter-Marmor-804x1024.jpg 804w\" sizes=\"auto, (max-width: 236px) 100vw, 236px\" \/><\/a><\/p>\n<p>Dieses Buch entstand im Zuge des EU-Projektes Historische Steinbr\u00fcche der Forschungsgruppe CHC an der Universit\u00e4t Salzburg.<\/p>\n<hr>\n<p>Diverse Marmorobjekte wie Kugeln, Vasen, Schalen, M\u00f6rser, usw. werden zum Kauf angeboten.<\/p>\n<p>Erh\u00e4ltlich:<\/p>\n<ul>\n<li>Direkt im Marmormuseum<\/li>\n<li>Beim Gemeindeamt Adnet\n<ul>\n<li>Tel: +43 (0)6245 84041<\/li>\n<li>Fax +43 (0)6245 84041-33<\/li>\n<li>Email: <a href=\"mailto:gemeinde@adnet.info\">gemeinde@adnet.info<\/a><\/li>\n<li>Adresse: Adnet 18, 5421 Adnet<\/li>\n<\/ul>\n<\/li>\n<\/ul>\n","protected":false},"excerpt":{"rendered":"<p>Kretschmer, Franz: *Heimatbuch Adnet****- der Marmor*. Adnet 1986. Verlag Gemeinde Adnet \/ Salzburg Marmor aus Adnet &#8211; der 384 Seiten starke, reich illustrierte erste Band des geplanten &#8222;Adneter Heimatbuches&#8220; stellt die bald zweitausendj\u00e4hrige Verwendungsgeschichte dieses in aller Welt ger\u00fchmten, prachtvollen Dekorationsgesteines dar. Schon die R\u00f6mer haben in den ersten Jahrhunderten unserer Zeitrechnung mit dem Abbau [&hellip;]<\/p>\n","protected":false},"author":2,"featured_media":0,"parent":0,"menu_order":0,"comment_status":"open","ping_status":"open","template":"","meta":{"ngg_post_thumbnail":0,"footnotes":""},"class_list":["post-462","page","type-page","status-publish","hentry"],"_links":{"self":[{"href":"https:\/\/marmormuseum.adnet.at\/index.php?rest_route=\/wp\/v2\/pages\/462","targetHints":{"allow":["GET"]}}],"collection":[{"href":"https:\/\/marmormuseum.adnet.at\/index.php?rest_route=\/wp\/v2\/pages"}],"about":[{"href":"https:\/\/marmormuseum.adnet.at\/index.php?rest_route=\/wp\/v2\/types\/page"}],"author":[{"embeddable":true,"href":"https:\/\/marmormuseum.adnet.at\/index.php?rest_route=\/wp\/v2\/users\/2"}],"replies":[{"embeddable":true,"href":"https:\/\/marmormuseum.adnet.at\/index.php?rest_route=%2Fwp%2Fv2%2Fcomments&post=462"}],"version-history":[{"count":25,"href":"https:\/\/marmormuseum.adnet.at\/index.php?rest_route=\/wp\/v2\/pages\/462\/revisions"}],"predecessor-version":[{"id":1024,"href":"https:\/\/marmormuseum.adnet.at\/index.php?rest_route=\/wp\/v2\/pages\/462\/revisions\/1024"}],"wp:attachment":[{"href":"https:\/\/marmormuseum.adnet.at\/index.php?rest_route=%2Fwp%2Fv2%2Fmedia&parent=462"}],"curies":[{"name":"wp","href":"https:\/\/api.w.org\/{rel}","templated":true}]}}