{"id":5,"date":"2011-10-08T21:32:31","date_gmt":"2011-10-08T21:32:31","guid":{"rendered":"http:\/\/localhost\/?page_id=5"},"modified":"2024-05-13T13:48:05","modified_gmt":"2024-05-13T13:48:05","slug":"das-museum","status":"publish","type":"page","link":"https:\/\/marmormuseum.adnet.at\/?page_id=5","title":{"rendered":"Museum"},"content":{"rendered":"<p style=\"text-align: justify;\">Im Marmormuseum wird die Entstehung, der Abbau, die Bearbeitung und der Transport des Marmors dokumentiert. Unterschiedliche Marmortypen, Fossilien und die Verwendung dieses wertvollen Gesteins bei r\u00f6mischen Bauwerken und heutigen Denkm\u00e4lern werden anschaulich erkl\u00e4rt.<\/p>\n<p><img loading=\"lazy\" decoding=\"async\" class=\"aligncenter size-large wp-image-705\" src=\"https:\/\/marmormuseum.adnet.at\/wp-content\/uploads\/2011\/10\/foto2schrot-1024x684.jpg\" alt=\"foto2schrot\" width=\"603\" height=\"403\" srcset=\"https:\/\/marmormuseum.adnet.at\/wp-content\/uploads\/2011\/10\/foto2schrot-1024x684.jpg 1024w, https:\/\/marmormuseum.adnet.at\/wp-content\/uploads\/2011\/10\/foto2schrot-300x200.jpg 300w, https:\/\/marmormuseum.adnet.at\/wp-content\/uploads\/2011\/10\/foto2schrot-768x513.jpg 768w\" sizes=\"auto, (max-width: 603px) 100vw, 603px\" \/><\/p>\n<p style=\"text-align: justify;\">Das Museum pr\u00e4sentiert die\u00a0vielfarbigen Adneter Marmorarten in unterschiedlichen Bearbeitungen, wie beispielsweise\u00a0Marmorkugeln, Schalen oder Vasen. Weiters stellen wir zahlreiche gefundene Fossilien und geologische Besonderheiten aus. Arch\u00e4ologische Fundst\u00fccke aus Adnet sowie Steinmetz- und Steinhauerutensilien zeigen anschaulich die Geschichte unserer Gemeinde. Original r\u00f6mische und mittelalterliche Werkst\u00fccke, Denkmalteile, Modelle, Rekonstruktionen und Wandbrunnen runden die Dokumentation ab.<\/p>\n<p style=\"text-align: justify;\">Das Marmormuseum wurde 1992 gegr\u00fcndet und im Jahre 2010 v\u00f6llig \u00fcberarbeitet. Dabei ist es in das neue Gemeindehaus von Adnet umgezogen. Es umfasst Schaur\u00e4ume mit ca.100m\u00b2 und einen liebevoll gestalteten Museumsgarten.<\/p>\n<p><img loading=\"lazy\" decoding=\"async\" class=\"aligncenter size-large wp-image-707\" src=\"https:\/\/marmormuseum.adnet.at\/wp-content\/uploads\/2011\/10\/foto3schild-1024x924.jpg\" alt=\"foto3schild\" width=\"603\" height=\"544\" srcset=\"https:\/\/marmormuseum.adnet.at\/wp-content\/uploads\/2011\/10\/foto3schild-1024x924.jpg 1024w, https:\/\/marmormuseum.adnet.at\/wp-content\/uploads\/2011\/10\/foto3schild-300x271.jpg 300w, https:\/\/marmormuseum.adnet.at\/wp-content\/uploads\/2011\/10\/foto3schild-768x693.jpg 768w\" sizes=\"auto, (max-width: 603px) 100vw, 603px\" \/><\/p>\n<p style=\"text-align: justify;\">Das Museum ist weiters Ausgangspunkt f\u00fcr F\u00fchrungen entlang des <a title=\"Marmorweg\" href=\".\/?page_id=13\">Marmorweges<\/a>. Dieser f\u00fchrt durch die Adneter Marmorbr\u00fcche entlang des Steinbruch-Schmiedemuseums, welches auch gerne besichtigt werden kann.<\/p>\n<p style=\"text-align: justify;\">Im Oktober 2014 wurde das Marmormuseum mit dem \u00d6sterreichischen Museumsg\u00fctesiegel ausgezeichnet.<\/p>\n","protected":false},"excerpt":{"rendered":"<p>Im Marmormuseum wird die Entstehung, der Abbau, die Bearbeitung und der Transport des Marmors dokumentiert. Unterschiedliche Marmortypen, Fossilien und die Verwendung dieses wertvollen Gesteins bei r\u00f6mischen Bauwerken und heutigen Denkm\u00e4lern werden anschaulich erkl\u00e4rt. Das Museum pr\u00e4sentiert die\u00a0vielfarbigen Adneter Marmorarten in unterschiedlichen Bearbeitungen, wie beispielsweise\u00a0Marmorkugeln, Schalen oder Vasen. Weiters stellen wir zahlreiche gefundene Fossilien und geologische [&hellip;]<\/p>\n","protected":false},"author":2,"featured_media":0,"parent":0,"menu_order":3,"comment_status":"open","ping_status":"open","template":"","meta":{"ngg_post_thumbnail":0,"footnotes":""},"class_list":["post-5","page","type-page","status-publish","hentry"],"_links":{"self":[{"href":"https:\/\/marmormuseum.adnet.at\/index.php?rest_route=\/wp\/v2\/pages\/5","targetHints":{"allow":["GET"]}}],"collection":[{"href":"https:\/\/marmormuseum.adnet.at\/index.php?rest_route=\/wp\/v2\/pages"}],"about":[{"href":"https:\/\/marmormuseum.adnet.at\/index.php?rest_route=\/wp\/v2\/types\/page"}],"author":[{"embeddable":true,"href":"https:\/\/marmormuseum.adnet.at\/index.php?rest_route=\/wp\/v2\/users\/2"}],"replies":[{"embeddable":true,"href":"https:\/\/marmormuseum.adnet.at\/index.php?rest_route=%2Fwp%2Fv2%2Fcomments&post=5"}],"version-history":[{"count":34,"href":"https:\/\/marmormuseum.adnet.at\/index.php?rest_route=\/wp\/v2\/pages\/5\/revisions"}],"predecessor-version":[{"id":1016,"href":"https:\/\/marmormuseum.adnet.at\/index.php?rest_route=\/wp\/v2\/pages\/5\/revisions\/1016"}],"wp:attachment":[{"href":"https:\/\/marmormuseum.adnet.at\/index.php?rest_route=%2Fwp%2Fv2%2Fmedia&parent=5"}],"curies":[{"name":"wp","href":"https:\/\/api.w.org\/{rel}","templated":true}]}}